{"id":997,"date":"2026-04-24T15:59:09","date_gmt":"2026-04-24T13:59:09","guid":{"rendered":"https:\/\/ladechirure.fr\/?page_id=997"},"modified":"2026-04-24T16:00:29","modified_gmt":"2026-04-24T14:00:29","slug":"livraisons-et-retours","status":"publish","type":"page","link":"https:\/\/ladechirure.fr\/index.php\/livraisons-et-retours\/","title":{"rendered":"Livraisons et retours"},"content":{"rendered":"\t\t<div data-elementor-type=\"wp-page\" data-elementor-id=\"997\" class=\"elementor elementor-997\">\n\t\t\t\t\t\t<section class=\"elementor-section elementor-top-section elementor-element elementor-element-334e71e0 elementor-section-boxed elementor-section-height-default elementor-section-height-default row-top\" data-id=\"334e71e0\" data-element_type=\"section\" data-e-type=\"section\">\n\t\t\t\t\t\t<div class=\"elementor-container elementor-column-gap-default\">\n\t\t\t\t\t<div class=\"elementor-column elementor-col-100 elementor-top-column elementor-element elementor-element-eea72fa column-style-top\" data-id=\"eea72fa\" data-element_type=\"column\" data-e-type=\"column\">\n\t\t\t<div class=\"elementor-widget-wrap elementor-element-populated\">\n\t\t\t\t\t\t<div class=\"elementor-element elementor-element-437e1407 elementor-widget elementor-widget-text-editor\" data-id=\"437e1407\" data-element_type=\"widget\" data-e-type=\"widget\" data-widget_type=\"text-editor.default\">\n\t\t\t\t\t\t\t\t\t<p class=\"\" data-start=\"236\" data-end=\"252\">\u00a0<\/p><h2 class=\"\" data-section-id=\"v7xwe1\" data-start=\"259\" data-end=\"274\">\ud83d\ude9a Livraison<\/h2><p class=\"\" data-start=\"276\" data-end=\"369\">Nous mettons tout en \u0153uvre pour vous faire parvenir votre commande dans les meilleurs d\u00e9lais.<\/p><h3 class=\"\" data-section-id=\"i2sam9\" data-start=\"371\" data-end=\"396\">\ud83d\udccd Zones de livraison<\/h3><ul class=\"\" data-start=\"397\" data-end=\"479\"><li class=\"\" data-section-id=\"7r8z91\" data-start=\"397\" data-end=\"422\">France m\u00e9tropolitaine<\/li><li class=\"\" data-section-id=\"rlus1m\" data-start=\"423\" data-end=\"449\">Europe (selon options)<\/li><li class=\"\" data-section-id=\"x4xb8l\" data-start=\"450\" data-end=\"479\">International (sur demande)<\/li><\/ul><hr class=\"\" data-start=\"481\" data-end=\"484\" \/><h3 class=\"\" data-section-id=\"b03660\" data-start=\"486\" data-end=\"512\">\u23f1\ufe0f D\u00e9lais de livraison<\/h3><ul class=\"\" data-start=\"514\" data-end=\"619\"><li class=\"\" data-section-id=\"ina6le\" data-start=\"514\" data-end=\"554\">\ud83c\uddeb\ud83c\uddf7 France :\u00a0<strong class=\"\" data-start=\"530\" data-end=\"552\">3 \u00e0 7 jours ouvr\u00e9s<\/strong><\/li><li class=\"\" data-section-id=\"ug3a0s\" data-start=\"555\" data-end=\"619\">\ud83c\udf0d International :\u00a0<strong class=\"\" data-start=\"576\" data-end=\"599\">5 \u00e0 12 jours ouvr\u00e9s<\/strong>\u00a0(selon destination)<\/li><\/ul><p class=\"\" data-start=\"621\" data-end=\"705\">\ud83d\udc49 Les d\u00e9lais sont donn\u00e9s \u00e0 titre indicatif et peuvent varier selon le transporteur.<\/p><hr class=\"\" data-start=\"707\" data-end=\"710\" \/><h3 class=\"\" data-section-id=\"1ctnvwo\" data-start=\"712\" data-end=\"729\">\ud83d\udce6 Exp\u00e9dition<\/h3><ul class=\"\" data-start=\"731\" data-end=\"905\"><li class=\"\" data-section-id=\"1hzpxg8\" data-start=\"731\" data-end=\"773\">Les commandes sont pr\u00e9par\u00e9es avec soin<\/li><li class=\"\" data-section-id=\"4zf25u\" data-start=\"774\" data-end=\"843\">Exp\u00e9dition via : La Poste \/ Colissimo \/ Mondial Relay (\u00e0 adapter)<\/li><li class=\"\" data-section-id=\"5t9dtv\" data-start=\"844\" data-end=\"905\">Un email de confirmation vous est envoy\u00e9 apr\u00e8s exp\u00e9dition<\/li><\/ul><hr class=\"\" data-start=\"907\" data-end=\"910\" \/><h3 class=\"\" data-section-id=\"1qk76ny\" data-start=\"912\" data-end=\"937\">\ud83d\udcb0 Frais de livraison<\/h3><p class=\"\" data-start=\"939\" data-end=\"1012\">Les frais de livraison sont calcul\u00e9s automatiquement lors de la commande.<\/p><p class=\"\" data-start=\"1014\" data-end=\"1077\">\ud83d\udc49 Possibilit\u00e9 d\u2019offrir la livraison selon les offres en cours.<\/p><hr class=\"\" data-start=\"1079\" data-end=\"1082\" \/><h2 class=\"\" data-section-id=\"x5mip3\" data-start=\"1084\" data-end=\"1117\">\ud83d\udcd6 Produits num\u00e9riques (Ebook)<\/h2><ul class=\"\" data-start=\"1119\" data-end=\"1181\"><li class=\"\" data-section-id=\"1q8se9o\" data-start=\"1119\" data-end=\"1152\">Envoi imm\u00e9diat apr\u00e8s paiement<\/li><li class=\"\" data-section-id=\"1q21c4q\" data-start=\"1153\" data-end=\"1181\">T\u00e9l\u00e9chargement via email<\/li><\/ul><p class=\"\" data-start=\"1183\" data-end=\"1223\">\u26a0\ufe0f Aucun d\u00e9lai de livraison (instantan\u00e9)<\/p><hr class=\"\" data-start=\"1225\" data-end=\"1228\" \/><h2 class=\"\" data-section-id=\"rag62w\" data-start=\"1230\" data-end=\"1256\">\u270d\ufe0f Commandes d\u00e9dicac\u00e9es<\/h2><p class=\"\" data-start=\"1258\" data-end=\"1328\">Les livres d\u00e9dicac\u00e9s demandent un temps de pr\u00e9paration suppl\u00e9mentaire.<\/p><p class=\"\" data-start=\"1330\" data-end=\"1371\">\ud83d\udc49 D\u00e9lai estim\u00e9 :\u00a0<strong class=\"\" data-start=\"1348\" data-end=\"1371\">+2 \u00e0 3 jours ouvr\u00e9s<\/strong><\/p><hr class=\"\" data-start=\"1373\" data-end=\"1376\" \/><h1 class=\"\" data-section-id=\"abo4me\" data-start=\"1378\" data-end=\"1407\">\ud83d\udd04 Retours &amp; Remboursements<\/h1><p class=\"\" data-start=\"1409\" data-end=\"1443\">Votre satisfaction est importante.<\/p><hr class=\"\" data-start=\"1445\" data-end=\"1448\" \/><h2 class=\"\" data-section-id=\"ystv7p\" data-start=\"1450\" data-end=\"1468\">\ud83d\udce6 Livre papier<\/h2><p class=\"\" data-start=\"1470\" data-end=\"1551\">Vous disposez d\u2019un d\u00e9lai de\u00a0<strong class=\"\" data-start=\"1498\" data-end=\"1510\">14 jours<\/strong>\u00a0apr\u00e8s r\u00e9ception pour demander un retour.<\/p><h3 class=\"\" data-section-id=\"nu41zw\" data-start=\"1553\" data-end=\"1569\">Conditions :<\/h3><ul class=\"\" data-start=\"1570\" data-end=\"1651\"><li class=\"\" data-section-id=\"7x419l\" data-start=\"1570\" data-end=\"1593\">produit en bon \u00e9tat<\/li><li class=\"\" data-section-id=\"1mw1kgg\" data-start=\"1594\" data-end=\"1609\">non utilis\u00e9<\/li><li class=\"\" data-section-id=\"1kubvka\" data-start=\"1610\" data-end=\"1651\">retourn\u00e9 dans son emballage d\u2019origine<\/li><\/ul><p class=\"\" data-start=\"1653\" data-end=\"1703\">\ud83d\udc49 Les frais de retour sont \u00e0 la charge du client.<\/p><hr class=\"\" data-start=\"1705\" data-end=\"1708\" \/><h3 class=\"\" data-section-id=\"thp42f\" data-start=\"1710\" data-end=\"1730\">\ud83d\udcb8 Remboursement<\/h3><ul class=\"\" data-start=\"1732\" data-end=\"1805\"><li class=\"\" data-section-id=\"1ohhs6y\" data-start=\"1732\" data-end=\"1771\">effectu\u00e9 apr\u00e8s r\u00e9ception du produit<\/li><li class=\"\" data-section-id=\"1dva6ni\" data-start=\"1772\" data-end=\"1805\">via le m\u00eame moyen de paiement<\/li><\/ul><hr class=\"\" data-start=\"1807\" data-end=\"1810\" \/><h2 class=\"\" data-section-id=\"1crl6um\" data-start=\"1812\" data-end=\"1828\">\u26a0\ufe0f Exceptions<\/h2><h3 class=\"\" data-section-id=\"1pfdywn\" data-start=\"1830\" data-end=\"1864\">\u274c Produits non remboursables :<\/h3><ul class=\"\" data-start=\"1866\" data-end=\"1942\"><li class=\"\" data-section-id=\"7hnhw5\" data-start=\"1866\" data-end=\"1907\">ebooks (contenu num\u00e9rique t\u00e9l\u00e9charg\u00e9)<\/li><li class=\"\" data-section-id=\"17akz3n\" data-start=\"1908\" data-end=\"1942\">livres d\u00e9dicac\u00e9s (personnalis\u00e9s)<\/li><\/ul><hr class=\"\" data-start=\"1944\" data-end=\"1947\" \/><h2 class=\"\" data-section-id=\"1vd5ce1\" data-start=\"1949\" data-end=\"1972\">\ud83d\udce9 Demande de retour<\/h2><p class=\"\" data-start=\"1974\" data-end=\"1994\">Pour toute demande :<\/p><p class=\"\" data-start=\"1996\" data-end=\"2018\">\ud83d\udc49 Email : <a class=\"\" href=\"mailto:ladechirure.lelivre@gmail.com\" rel=\"noreferrer nofollow noopener\">ladechirure.lelivre@gmail.com<\/a>\u00a0<\/p><p class=\"\" data-start=\"2020\" data-end=\"2038\">Merci d\u2019indiquer :<\/p><ul class=\"\" data-start=\"2039\" data-end=\"2095\"><li class=\"\" data-section-id=\"2k265a\" data-start=\"2039\" data-end=\"2052\">votre nom<\/li><li class=\"\" data-section-id=\"109f0i1\" data-start=\"2053\" data-end=\"2075\">num\u00e9ro de commande<\/li><li class=\"\" data-section-id=\"118j1l7\" data-start=\"2076\" data-end=\"2095\">motif du retour<\/li><\/ul><hr class=\"\" data-start=\"2097\" data-end=\"2100\" \/><h1 class=\"\" data-section-id=\"kgpmzk\" data-start=\"2102\" data-end=\"2122\">\ud83d\udcac Besoin d\u2019aide ?<\/h1><p class=\"\" data-start=\"2124\" data-end=\"2169\">Nous restons disponibles pour toute question.<\/p><p class=\"\" data-start=\"2171\" data-end=\"2193\">\ud83d\udc49 Contact : \u00a0<a class=\"\" href=\"mailto:ladechirure.lelivre@gmail.com\" rel=\"noreferrer nofollow noopener\">ladechirure.lelivre@gmail.com<\/a>\u00a0<\/p><hr class=\"\" data-start=\"2195\" data-end=\"2198\" \/><div class=\"\">\u00a0<\/div>\t\t\t\t\t\t\t\t<\/div>\n\t\t\t\t\t<\/div>\n\t\t<\/div>\n\t\t\t\t\t<\/div>\n\t\t<\/section>\n\t\t\t\t<\/div>\n\t\t","protected":false},"excerpt":{"rendered":"<p>\u00a0 \ud83d\ude9a Livraison Nous mettons tout en \u0153uvre pour vous faire parvenir votre commande dans les meilleurs d\u00e9lais. \ud83d\udccd Zones de livraison France m\u00e9tropolitaine Europe (selon options) International (sur demande) [&hellip;]<\/p>\n","protected":false},"author":1,"featured_media":0,"parent":0,"menu_order":0,"comment_status":"closed","ping_status":"closed","template":"","meta":{"footnotes":""},"class_list":["post-997","page","type-page","status-publish","hentry"],"_links":{"self":[{"href":"https:\/\/ladechirure.fr\/index.php\/wp-json\/wp\/v2\/pages\/997","targetHints":{"allow":["GET"]}}],"collection":[{"href":"https:\/\/ladechirure.fr\/index.php\/wp-json\/wp\/v2\/pages"}],"about":[{"href":"https:\/\/ladechirure.fr\/index.php\/wp-json\/wp\/v2\/types\/page"}],"author":[{"embeddable":true,"href":"https:\/\/ladechirure.fr\/index.php\/wp-json\/wp\/v2\/users\/1"}],"replies":[{"embeddable":true,"href":"https:\/\/ladechirure.fr\/index.php\/wp-json\/wp\/v2\/comments?post=997"}],"version-history":[{"count":4,"href":"https:\/\/ladechirure.fr\/index.php\/wp-json\/wp\/v2\/pages\/997\/revisions"}],"predecessor-version":[{"id":1002,"href":"https:\/\/ladechirure.fr\/index.php\/wp-json\/wp\/v2\/pages\/997\/revisions\/1002"}],"wp:attachment":[{"href":"https:\/\/ladechirure.fr\/index.php\/wp-json\/wp\/v2\/media?parent=997"}],"curies":[{"name":"wp","href":"https:\/\/api.w.org\/{rel}","templated":true}]}}