{"id":941,"date":"2026-04-22T13:33:33","date_gmt":"2026-04-22T11:33:33","guid":{"rendered":"https:\/\/ladechirure.fr\/?page_id=941"},"modified":"2026-04-22T21:53:51","modified_gmt":"2026-04-22T19:53:51","slug":"cookies","status":"publish","type":"page","link":"https:\/\/ladechirure.fr\/index.php\/cookies\/","title":{"rendered":"Cookies"},"content":{"rendered":"\n<h2 class=\"wp-block-heading\">\ud83c\udf6a Cookies n\u00e9cessaires<\/h2>\n\n\n\n<p>Les cookies n\u00e9cessaires sont indispensables au bon fonctionnement du site. Ils permettent notamment d\u2019assurer des fonctionnalit\u00e9s de base comme la s\u00e9curit\u00e9, la gestion du panier ou l\u2019enregistrement de vos pr\u00e9f\u00e9rences de consentement.<br>Ces cookies ne stockent aucune donn\u00e9e personnelle identifiable.<\/p>\n\n\n\n<hr class=\"wp-block-separator has-alpha-channel-opacity\"\/>\n\n\n\n<h3 class=\"wp-block-heading\">\ud83d\udccb Liste des cookies utilis\u00e9s<\/h3>\n\n\n\n<h4 class=\"wp-block-heading\">\ud83d\udd39 wpEmojiSettingsSupports<\/h4>\n\n\n\n<ul class=\"wp-block-list\">\n<li><strong>Domaine<\/strong> : ladechirure.fr<\/li>\n\n\n\n<li><strong>Dur\u00e9e<\/strong> : session<\/li>\n\n\n\n<li><strong>Description<\/strong> : Ce cookie est d\u00e9fini par WordPress pour d\u00e9tecter si le navigateur de l\u2019utilisateur peut afficher correctement les emojis.<\/li>\n<\/ul>\n\n\n\n<hr class=\"wp-block-separator has-alpha-channel-opacity\"\/>\n\n\n\n<h4 class=\"wp-block-heading\">\ud83d\udd39 cookieyes-consent<\/h4>\n\n\n\n<ul class=\"wp-block-list\">\n<li><strong>Domaine<\/strong> : ladechirure.fr<\/li>\n\n\n\n<li><strong>Dur\u00e9e<\/strong> : 1 an<\/li>\n\n\n\n<li><strong>Description<\/strong> : Ce cookie est utilis\u00e9 par CookieYes pour m\u00e9moriser les pr\u00e9f\u00e9rences de consentement de l\u2019utilisateur afin qu\u2019elles soient respect\u00e9es lors de ses visites ult\u00e9rieures. Aucune donn\u00e9e personnelle n\u2019est collect\u00e9e.<\/li>\n<\/ul>\n\n\n\n<hr class=\"wp-block-separator has-alpha-channel-opacity\"\/>\n\n\n\n<h4 class=\"wp-block-heading\">\ud83d\udd39 woocommerce_items_in_cart<\/h4>\n\n\n\n<ul class=\"wp-block-list\">\n<li><strong>Domaine<\/strong> : ladechirure.fr<\/li>\n\n\n\n<li><strong>Dur\u00e9e<\/strong> : session<\/li>\n\n\n\n<li><strong>Description<\/strong> : Utilis\u00e9 par WooCommerce pour indiquer si des produits sont pr\u00e9sents dans le panier.<\/li>\n<\/ul>\n\n\n\n<hr class=\"wp-block-separator has-alpha-channel-opacity\"\/>\n\n\n\n<h4 class=\"wp-block-heading\">\ud83d\udd39 woocommerce_cart_hash<\/h4>\n\n\n\n<ul class=\"wp-block-list\">\n<li><strong>Domaine<\/strong> : ladechirure.fr<\/li>\n\n\n\n<li><strong>Dur\u00e9e<\/strong> : session<\/li>\n\n\n\n<li><strong>Description<\/strong> : Permet \u00e0 WooCommerce de d\u00e9tecter les modifications du contenu du panier.<\/li>\n<\/ul>\n\n\n\n<hr class=\"wp-block-separator has-alpha-channel-opacity\"\/>\n\n\n\n<h4 class=\"wp-block-heading\">\ud83d\udd39 wp_woocommerce_session_*<\/h4>\n\n\n\n<ul class=\"wp-block-list\">\n<li><strong>Domaine<\/strong> : ladechirure.fr<\/li>\n\n\n\n<li><strong>Dur\u00e9e<\/strong> : 2 jours<\/li>\n\n\n\n<li><strong>Description<\/strong> : Ce cookie attribue un identifiant unique \u00e0 chaque utilisateur afin de retrouver les donn\u00e9es de son panier dans la base de donn\u00e9es.<\/li>\n<\/ul>\n","protected":false},"excerpt":{"rendered":"<p>\ud83c\udf6a Cookies n\u00e9cessaires Les cookies n\u00e9cessaires sont indispensables au bon fonctionnement du site. Ils permettent notamment d\u2019assurer des fonctionnalit\u00e9s de base comme la s\u00e9curit\u00e9, la gestion du panier ou l\u2019enregistrement [&hellip;]<\/p>\n","protected":false},"author":1,"featured_media":0,"parent":0,"menu_order":0,"comment_status":"closed","ping_status":"closed","template":"","meta":{"footnotes":""},"class_list":["post-941","page","type-page","status-publish","hentry"],"_links":{"self":[{"href":"https:\/\/ladechirure.fr\/index.php\/wp-json\/wp\/v2\/pages\/941","targetHints":{"allow":["GET"]}}],"collection":[{"href":"https:\/\/ladechirure.fr\/index.php\/wp-json\/wp\/v2\/pages"}],"about":[{"href":"https:\/\/ladechirure.fr\/index.php\/wp-json\/wp\/v2\/types\/page"}],"author":[{"embeddable":true,"href":"https:\/\/ladechirure.fr\/index.php\/wp-json\/wp\/v2\/users\/1"}],"replies":[{"embeddable":true,"href":"https:\/\/ladechirure.fr\/index.php\/wp-json\/wp\/v2\/comments?post=941"}],"version-history":[{"count":3,"href":"https:\/\/ladechirure.fr\/index.php\/wp-json\/wp\/v2\/pages\/941\/revisions"}],"predecessor-version":[{"id":990,"href":"https:\/\/ladechirure.fr\/index.php\/wp-json\/wp\/v2\/pages\/941\/revisions\/990"}],"wp:attachment":[{"href":"https:\/\/ladechirure.fr\/index.php\/wp-json\/wp\/v2\/media?parent=941"}],"curies":[{"name":"wp","href":"https:\/\/api.w.org\/{rel}","templated":true}]}}