{"id":885,"date":"2026-04-22T12:35:32","date_gmt":"2026-04-22T10:35:32","guid":{"rendered":"https:\/\/ladechirure.fr\/?page_id=885"},"modified":"2026-04-29T23:20:50","modified_gmt":"2026-04-29T21:20:50","slug":"legal","status":"publish","type":"page","link":"https:\/\/ladechirure.fr\/index.php\/legal\/","title":{"rendered":"Legal"},"content":{"rendered":"\t\t<div data-elementor-type=\"wp-page\" data-elementor-id=\"885\" class=\"elementor elementor-885\">\n\t\t\t\t\t\t<section class=\"elementor-section elementor-top-section elementor-element elementor-element-4f39da3 elementor-section-boxed elementor-section-height-default elementor-section-height-default row-top\" data-id=\"4f39da3\" data-element_type=\"section\" data-e-type=\"section\">\n\t\t\t\t\t\t<div class=\"elementor-container elementor-column-gap-default\">\n\t\t\t\t\t<div class=\"elementor-column elementor-col-100 elementor-top-column elementor-element elementor-element-a782b29 column-style-top\" data-id=\"a782b29\" data-element_type=\"column\" data-e-type=\"column\">\n\t\t\t<div class=\"elementor-widget-wrap elementor-element-populated\">\n\t\t\t\t\t\t<div class=\"elementor-element elementor-element-377c4fb elementor-widget elementor-widget-text-editor\" data-id=\"377c4fb\" data-element_type=\"widget\" data-e-type=\"widget\" data-widget_type=\"text-editor.default\">\n\t\t\t\t\t\t\t\t\t<h1 data-section-id=\"1bq9jof\" data-start=\"206\" data-end=\"244\">MENTIONS L\u00c9GALES \u2014 <a href=\"https:\/\/ladechirure.fr\" target=\"_blank\" rel=\"noreferrer nofollow noopener\">ladechirure.fr<\/a><\/h1>\n<h2 data-section-id=\"1p8jlsi\" data-start=\"246\" data-end=\"267\">1. \u00c9diteur du site<\/h2>\n<p data-start=\"269\" data-end=\"348\">Le pr\u00e9sent site, accessible \u00e0 l\u2019adresse&nbsp;<strong data-start=\"309\" data-end=\"331\"><a href=\"http:\/\/www.ladechirure.fr\/\" target=\"_blank\" rel=\"noreferrer nofollow noopener\" data-start=\"311\" data-end=\"329\">www.ladechirure.fr<\/a><\/strong>, est \u00e9dit\u00e9 par :<\/p>\n<p data-start=\"204\" data-end=\"237\"><strong data-start=\"239\" data-end=\"259\">Mansouria HENIFI<\/strong><\/p>\n<p data-start=\"239\" data-end=\"351\">\nStatut : Auto-entrepreneur<br data-start=\"288\" data-end=\"291\">SIRET : 942 061 664 00010<br data-start=\"316\" data-end=\"319\">Auteure \/ \u00c9crivaine<\/p>\n<p data-start=\"350\" data-end=\"521\">\n<\/p><p data-start=\"455\" data-end=\"480\">\n<\/p><p data-start=\"353\" data-end=\"453\">Adresse :<br data-start=\"362\" data-end=\"365\">143 boulevard Paul Claudel<br data-start=\"391\" data-end=\"394\">R\u00e9sidence Bellevue B\u00e2timent A2<br data-start=\"424\" data-end=\"427\">13010 Marseille<br data-start=\"442\" data-end=\"445\">France<\/p>\n<p data-start=\"350\" data-end=\"521\"><br><\/p>\n<hr data-start=\"523\" data-end=\"526\">\n<h2 data-section-id=\"35f9uu\" data-start=\"528\" data-end=\"561\">2. Directeur de la publication<\/h2>\n<p data-start=\"563\" data-end=\"599\">Le directeur de la publication est :<br data-start=\"556\" data-end=\"559\">\n<strong data-start=\"559\" data-end=\"579\">Mansouria HENIFI<\/strong><\/p>\n<hr data-start=\"633\" data-end=\"636\">\n<h2 data-section-id=\"1mk0h8c\" data-start=\"638\" data-end=\"655\">3. H\u00e9bergement<\/h2>\n<p data-start=\"657\" data-end=\"682\">Le site est h\u00e9berg\u00e9 par :<\/p>\n<p data-start=\"684\" data-end=\"783\"><b>OVH Icloud<\/b><\/p>\n<p data-start=\"684\" data-end=\"783\">Adresse :&nbsp;2 rue Kellermann, 59100 Roubaix \u2013 France<br data-start=\"745\" data-end=\"748\"><br data-start=\"768\" data-end=\"771\">Site :&nbsp;<a href=\"https:\/\/www.ovhcloud.com\/fr\/\" target=\"_blank\" rel=\"noreferrer nofollow noopener\">https:\/\/www.ovhcloud.com\/fr\/<\/a><\/p>\n<hr data-start=\"853\" data-end=\"856\">\n<h2 data-section-id=\"uod61o\" data-start=\"858\" data-end=\"888\">4. Propri\u00e9t\u00e9 intellectuelle<\/h2>\n<p data-start=\"890\" data-end=\"1089\">L\u2019ensemble des contenus pr\u00e9sents sur le site&nbsp;<strong data-start=\"935\" data-end=\"953\"><a href=\"https:\/\/ladechirure.fr\" target=\"_blank\" rel=\"noreferrer nofollow noopener\">ladechirure.fr<\/a><\/strong>&nbsp;(textes, images, visuels, logo, \u00e9l\u00e9ments graphiques, structure, etc.) est prot\u00e9g\u00e9 par le droit d\u2019auteur et la propri\u00e9t\u00e9 intellectuelle.<\/p>\n<p data-start=\"1091\" data-end=\"1300\">Toute reproduction, repr\u00e9sentation, modification, publication, adaptation de tout ou partie des \u00e9l\u00e9ments du site, quel que soit le moyen ou le proc\u00e9d\u00e9 utilis\u00e9, est interdite sans autorisation \u00e9crite pr\u00e9alable.<\/p>\n<p data-start=\"1302\" data-end=\"1415\">Le livre&nbsp;<strong data-start=\"1311\" data-end=\"1329\">\u201cLa D\u00e9chirure\u201d<\/strong>&nbsp;ainsi que son contenu sont prot\u00e9g\u00e9s et demeurent la propri\u00e9t\u00e9 exclusive de l\u2019auteure et prot\u00e9g\u00e9 \u00e0 INPI sous le num\u00e9ro :&nbsp;<\/p>\n<hr data-start=\"1417\" data-end=\"1420\">\n<h2 data-section-id=\"1qblofe\" data-start=\"1422\" data-end=\"1442\">5. Responsabilit\u00e9<\/h2>\n<p data-start=\"1444\" data-end=\"1555\">Les informations diffus\u00e9es sur le site sont fournies \u00e0 titre indicatif et peuvent \u00eatre modifi\u00e9es \u00e0 tout moment.<\/p>\n<p data-start=\"1557\" data-end=\"1661\">L\u2019\u00e9diteur ne saurait \u00eatre tenu responsable des omissions, inexactitudes ou carences dans la mise \u00e0 jour.<\/p>\n<hr data-start=\"1663\" data-end=\"1666\">\n<h2 data-section-id=\"drga81\" data-start=\"1668\" data-end=\"1694\">6. Donn\u00e9es personnelles<\/h2>\n<p data-start=\"1696\" data-end=\"1793\">Le site peut collecter certaines donn\u00e9es personnelles (formulaire de contact, inscription, etc.).<\/p>\n<p data-start=\"1795\" data-end=\"1924\">Ces donn\u00e9es sont utilis\u00e9es uniquement dans le cadre de la relation avec l\u2019utilisateur et ne sont en aucun cas c\u00e9d\u00e9es \u00e0 des tiers.<\/p>\n<p data-start=\"1926\" data-end=\"2082\">Conform\u00e9ment au R\u00e8glement G\u00e9n\u00e9ral sur la Protection des Donn\u00e9es (RGPD), vous disposez d\u2019un droit d\u2019acc\u00e8s, de rectification et de suppression de vos donn\u00e9es.<\/p>\n<p data-start=\"2084\" data-end=\"2131\">Pour exercer ce droit :<br data-start=\"2107\" data-end=\"2110\"><a href=\"mailto:ladechirure.lelivre@gmail.com\" rel=\"noreferrer nofollow noopener\">ladechirure.lelivre@gmail.com<\/a><\/p>\n<hr data-start=\"2133\" data-end=\"2136\">\n<h2 data-section-id=\"qodumj\" data-start=\"2138\" data-end=\"2151\">7. Cookies<\/h2>\n<p data-start=\"2153\" data-end=\"2272\">Le site peut utiliser des cookies afin d\u2019am\u00e9liorer l\u2019exp\u00e9rience utilisateur et r\u00e9aliser des statistiques de navigation.<\/p>\n<p data-start=\"2274\" data-end=\"2358\">L\u2019utilisateur peut \u00e0 tout moment configurer son navigateur pour refuser les cookies.<\/p>\n<hr data-start=\"2360\" data-end=\"2363\">\n<h2 data-section-id=\"1qwm4pm\" data-start=\"2365\" data-end=\"2387\">8. Droit applicable<\/h2>\n<p data-start=\"2389\" data-end=\"2434\">Le pr\u00e9sent site est soumis au droit fran\u00e7ais.<\/p>\n<p data-start=\"2436\" data-end=\"2501\">En cas de litige, les tribunaux fran\u00e7ais seront seuls comp\u00e9tents.<\/p>\t\t\t\t\t\t\t\t<\/div>\n\t\t\t\t\t<\/div>\n\t\t<\/div>\n\t\t\t\t\t<\/div>\n\t\t<\/section>\n\t\t\t\t<\/div>\n\t\t","protected":false},"excerpt":{"rendered":"<p>MENTIONS L\u00c9GALES \u2014 ladechirure.fr 1. \u00c9diteur du site Le pr\u00e9sent site, accessible \u00e0 l\u2019adresse&nbsp;www.ladechirure.fr, est \u00e9dit\u00e9 par : Mansouria HENIFI Statut : Auto-entrepreneurSIRET : 942 061 664 00010Auteure \/ \u00c9crivaine [&hellip;]<\/p>\n","protected":false},"author":1,"featured_media":0,"parent":0,"menu_order":0,"comment_status":"closed","ping_status":"closed","template":"","meta":{"footnotes":""},"class_list":["post-885","page","type-page","status-publish","hentry"],"_links":{"self":[{"href":"https:\/\/ladechirure.fr\/index.php\/wp-json\/wp\/v2\/pages\/885","targetHints":{"allow":["GET"]}}],"collection":[{"href":"https:\/\/ladechirure.fr\/index.php\/wp-json\/wp\/v2\/pages"}],"about":[{"href":"https:\/\/ladechirure.fr\/index.php\/wp-json\/wp\/v2\/types\/page"}],"author":[{"embeddable":true,"href":"https:\/\/ladechirure.fr\/index.php\/wp-json\/wp\/v2\/users\/1"}],"replies":[{"embeddable":true,"href":"https:\/\/ladechirure.fr\/index.php\/wp-json\/wp\/v2\/comments?post=885"}],"version-history":[{"count":10,"href":"https:\/\/ladechirure.fr\/index.php\/wp-json\/wp\/v2\/pages\/885\/revisions"}],"predecessor-version":[{"id":1041,"href":"https:\/\/ladechirure.fr\/index.php\/wp-json\/wp\/v2\/pages\/885\/revisions\/1041"}],"wp:attachment":[{"href":"https:\/\/ladechirure.fr\/index.php\/wp-json\/wp\/v2\/media?parent=885"}],"curies":[{"name":"wp","href":"https:\/\/api.w.org\/{rel}","templated":true}]}}