{"id":674,"date":"2020-12-08T03:53:12","date_gmt":"2020-12-08T03:53:12","guid":{"rendered":"https:\/\/gaviaspreview.com\/wp\/halpes\/?page_id=21"},"modified":"2026-04-30T00:44:59","modified_gmt":"2026-04-29T22:44:59","slug":"about","status":"publish","type":"page","link":"https:\/\/ladechirure.fr\/index.php\/about\/","title":{"rendered":"A propos"},"content":{"rendered":"\t\t<div data-elementor-type=\"wp-page\" data-elementor-id=\"674\" class=\"elementor elementor-674\">\n\t\t\t\t\t\t<section class=\"elementor-section elementor-top-section elementor-element elementor-element-3b40598 elementor-section-boxed elementor-section-height-default elementor-section-height-default row-top\" data-id=\"3b40598\" data-element_type=\"section\" data-e-type=\"section\">\n\t\t\t\t\t\t<div class=\"elementor-container elementor-column-gap-default\">\n\t\t\t\t\t<div class=\"elementor-column elementor-col-50 elementor-top-column elementor-element elementor-element-2bd6292 column-style-top\" data-id=\"2bd6292\" data-element_type=\"column\" data-e-type=\"column\">\n\t\t\t<div class=\"elementor-widget-wrap elementor-element-populated\">\n\t\t\t\t\t\t<div class=\"elementor-element elementor-element-900173c elementor-widget elementor-widget-image\" data-id=\"900173c\" data-element_type=\"widget\" data-e-type=\"widget\" data-widget_type=\"image.default\">\n\t\t\t\t\t\t\t\t\t\t\t\t\t\t\t<img fetchpriority=\"high\" decoding=\"async\" width=\"681\" height=\"1024\" src=\"https:\/\/ladechirure.fr\/wp-content\/uploads\/2026\/04\/mansouria-681x1024.jpeg\" class=\"attachment-large size-large wp-image-1073\" alt=\"\" srcset=\"https:\/\/ladechirure.fr\/wp-content\/uploads\/2026\/04\/mansouria-681x1024.jpeg 681w, https:\/\/ladechirure.fr\/wp-content\/uploads\/2026\/04\/mansouria-768x1154.jpeg 768w, https:\/\/ladechirure.fr\/wp-content\/uploads\/2026\/04\/mansouria-600x902.jpeg 600w, https:\/\/ladechirure.fr\/wp-content\/uploads\/2026\/04\/mansouria.jpeg 827w\" sizes=\"(max-width: 681px) 100vw, 681px\" \/>\t\t\t\t\t\t\t\t\t\t\t\t\t\t\t<\/div>\n\t\t\t\t\t<\/div>\n\t\t<\/div>\n\t\t\t\t<div class=\"elementor-column elementor-col-50 elementor-top-column elementor-element elementor-element-75333cc column-style-top\" data-id=\"75333cc\" data-element_type=\"column\" data-e-type=\"column\">\n\t\t\t<div class=\"elementor-widget-wrap elementor-element-populated\">\n\t\t\t\t\t\t<div class=\"elementor-element elementor-element-e5082b5 elementor-widget elementor-widget-gva-heading-block\" data-id=\"e5082b5\" data-element_type=\"widget\" data-e-type=\"widget\" data-widget_type=\"gva-heading-block.default\">\n\t\t\t\t<div class=\"elementor-widget-container\">\n\t\t\t\t\t<div class=\"gva-element-gva-heading-block gva-element\">   <div class=\"align-left style-1 widget gsc-heading box-align-left auto-responsive\">\r\n      <div class=\"content-inner\">\r\n         \r\n                  \r\n                     <div class=\"sub-title\"><span>L&#039;autrice<\/span><\/div>\r\n           \r\n         \r\n                     <h2 class=\"title\">\r\n               <span>Mansouria<\/span>\r\n            <\/h2>\r\n                              <div class=\"title-desc\">Monsouria est n\u00e9e \u00e0 Toulouse. Apr\u00e8s une enfance en famille d\u2019accueil, elle est emmen\u00e9e en Alg\u00e9rie avec ses s\u0153urs o\u00f9 elle restera enferm\u00e9e pendant plusieurs ann\u00e9es. Aujourd\u2019hui install\u00e9e \u00e0 Marseille, elle livre avec \u00ab\u00a0La D\u00e9chirure\u00a0\u00bb\u00a0\u00bb son premier r\u00e9cit autobiographique, un t\u00e9moignage de survie et de reconstruction.<\/div>\r\n         \r\n         \r\n      <\/div>\r\n   <\/div>\r\n<\/div>\t\t\t\t<\/div>\n\t\t\t\t<\/div>\n\t\t\t\t\t<\/div>\n\t\t<\/div>\n\t\t\t\t\t<\/div>\n\t\t<\/section>\n\t\t\t\t<\/div>\n\t\t","protected":false},"excerpt":{"rendered":"<p>L&#039;autrice Mansouria Monsouria est n\u00e9e \u00e0 Toulouse. Apr\u00e8s une enfance en famille d\u2019accueil, elle est emmen\u00e9e en Alg\u00e9rie avec ses s\u0153urs o\u00f9 elle restera enferm\u00e9e pendant plusieurs ann\u00e9es. Aujourd\u2019hui install\u00e9e [&hellip;]<\/p>\n","protected":false},"author":1,"featured_media":0,"parent":0,"menu_order":0,"comment_status":"closed","ping_status":"closed","template":"","meta":{"footnotes":""},"class_list":["post-674","page","type-page","status-publish","hentry"],"_links":{"self":[{"href":"https:\/\/ladechirure.fr\/index.php\/wp-json\/wp\/v2\/pages\/674","targetHints":{"allow":["GET"]}}],"collection":[{"href":"https:\/\/ladechirure.fr\/index.php\/wp-json\/wp\/v2\/pages"}],"about":[{"href":"https:\/\/ladechirure.fr\/index.php\/wp-json\/wp\/v2\/types\/page"}],"author":[{"embeddable":true,"href":"https:\/\/ladechirure.fr\/index.php\/wp-json\/wp\/v2\/users\/1"}],"replies":[{"embeddable":true,"href":"https:\/\/ladechirure.fr\/index.php\/wp-json\/wp\/v2\/comments?post=674"}],"version-history":[{"count":10,"href":"https:\/\/ladechirure.fr\/index.php\/wp-json\/wp\/v2\/pages\/674\/revisions"}],"predecessor-version":[{"id":1076,"href":"https:\/\/ladechirure.fr\/index.php\/wp-json\/wp\/v2\/pages\/674\/revisions\/1076"}],"wp:attachment":[{"href":"https:\/\/ladechirure.fr\/index.php\/wp-json\/wp\/v2\/media?parent=674"}],"curies":[{"name":"wp","href":"https:\/\/api.w.org\/{rel}","templated":true}]}}