{"id":672,"date":"2020-12-08T03:52:44","date_gmt":"2020-12-08T03:52:44","guid":{"rendered":"https:\/\/gaviaspreview.com\/wp\/halpes\/?page_id=18"},"modified":"2026-05-01T10:23:53","modified_gmt":"2026-05-01T08:23:53","slug":"home-1","status":"publish","type":"page","link":"https:\/\/ladechirure.fr\/","title":{"rendered":"Accueil"},"content":{"rendered":"\t\t<div data-elementor-type=\"wp-page\" data-elementor-id=\"672\" class=\"elementor elementor-672\">\n\t\t\t\t\t\t<section class=\"elementor-section elementor-top-section elementor-element elementor-element-765bb37c elementor-section-full_width elementor-section-height-default elementor-section-height-default row-top\" data-id=\"765bb37c\" data-element_type=\"section\" data-e-type=\"section\">\n\t\t\t\t\t\t<div class=\"elementor-container elementor-column-gap-default\">\n\t\t\t\t\t<div class=\"elementor-column elementor-col-100 elementor-top-column elementor-element elementor-element-12645c9 column-style-top\" data-id=\"12645c9\" data-element_type=\"column\" data-e-type=\"column\">\n\t\t\t<div class=\"elementor-widget-wrap elementor-element-populated\">\n\t\t\t\t\t\t<div class=\"elementor-element elementor-element-913b8a3 elementor-widget elementor-widget-shortcode\" data-id=\"913b8a3\" data-element_type=\"widget\" data-e-type=\"widget\" data-widget_type=\"shortcode.default\">\n\t\t\t\t\t\t\t<div class=\"elementor-shortcode\">\n\t\t\t\t<p class=\"rs-p-wp-fix\"><\/p>\n\t\t\t\t<sr7-module data-alias=\"slider-1\" data-id=\"1\" id=\"SR7_1_1\" class=\"rs-ov-hidden\" data-version=\"6.7.40\">\n\t\t\t\t\t<sr7-adjuster><\/sr7-adjuster>\n\t\t\t\t\t<sr7-content>\n\t\t\t\t\t\t<sr7-slide id=\"SR7_1_1-2\" data-key=\"2\">\n\t\t\t\t\t\t\t<sr7-bg id=\"SR7_1_1-2-6\" class=\"sr7-layer\"><noscript><img decoding=\"async\" src=\"https:\/\/ladechirure.fr\/wp-content\/uploads\/2020\/12\/fK0ae.jpg\" alt=\"\" title=\"fK0ae\"><\/noscript><\/sr7-bg>\n\t\t\t\t\t\t\t<sr7-txt id=\"SR7_1_1-2-2\" class=\"sr7-layer\">Mansouria<\/sr7-txt>\n\t\t\t\t\t\t\t<sr7-txt id=\"SR7_1_1-2-4\" class=\"sr7-layer\">Quand la r\u00e9alit\u00e9 d\u00e9passe la fiction<\/sr7-txt>\n\t\t\t\t\t\t<\/sr7-slide>\n\t\t\t\t\t\t<sr7-slide id=\"SR7_1_1-4\" data-key=\"4\">\n\t\t\t\t\t\t<\/sr7-slide>\n\t\t\t\t\t<\/sr7-content>\n\t\t\t\t\t<image_lists style=\"display:none\">\n\t\t\t\t\t\t<img data-src=\"\/\/ladechirure.fr\/wp-content\/uploads\/2020\/12\/3I68O-removebg-preview.png\" data-libid=\"716\" data-lib=\"medialibrary\" title=\"3I68O-removebg-preview\" width=\"0\" height=\"0\" data-dbsrc=\"Ly9sYWRlY2hpcnVyZS5mci93cC1jb250ZW50L3VwbG9hZHMvMjAyMC8xMi8zSTY4Ty1yZW1vdmViZy1wcmV2aWV3LnBuZw==\"\/>\n\t\t\t\t\t\t<img data-src=\"\/\/ladechirure.fr\/wp-content\/uploads\/2020\/12\/fK0ae.jpg\" data-libid=\"715\" data-lib=\"medialibrary\" title=\"fK0ae\" width=\"0\" height=\"0\" data-dbsrc=\"Ly9sYWRlY2hpcnVyZS5mci93cC1jb250ZW50L3VwbG9hZHMvMjAyMC8xMi9mSzBhZS5qcGc=\"\/>\n\t\t\t\t\t<\/image_lists>\n\t\t\t\t<\/sr7-module>\n\t\t\t\t<script>\n\t\t\t\t\tSR7.PMH ??={}; SR7.PMH[\"SR7_1_1\"] = {cn:100,state:false,fn: function() { if (_tpt!==undefined && _tpt.prepareModuleHeight !== undefined) {  _tpt.prepareModuleHeight({id:\"SR7_1_1\",el:[800,800,650,480,350],type:'standard',shdw:'0',gh:[800,800,650,480,350],gw:[1170,1170,1024,778,480],vpt:['-100px&#039;,&#039;-100px&#039;,&#039;-100px&#039;,&#039;-100px&#039;,&#039;-100px'],size:{fullWidth:false, fullHeight:false},mh:'0',onh:0,onw:0,bg:{color:'{\"orig\":\"transparent\",\"type\":\"solid\",\"string\":\"transparent\"}'},plType:'0',plColor:'#FFFFFF'});   SR7.PMH[\"SR7_1_1\"].state=true;} else if(SR7.PMH[\"SR7_1_1\"].cn-->0)\tsetTimeout( SR7.PMH[\"SR7_1_1\"].fn,19);}};SR7.PMH[\"SR7_1_1\" ].fn();\n\t\t\t\t<\/script>\n<\/div>\n\t\t\t\t\t\t<\/div>\n\t\t\t\t\t<\/div>\n\t\t<\/div>\n\t\t\t\t\t<\/div>\n\t\t<\/section>\n\t\t\t\t<section class=\"elementor-section elementor-top-section elementor-element elementor-element-a18ce2e elementor-section-boxed elementor-section-height-default elementor-section-height-default row-top\" data-id=\"a18ce2e\" data-element_type=\"section\" data-e-type=\"section\" data-settings=\"{&quot;background_background&quot;:&quot;classic&quot;,&quot;shape_divider_bottom&quot;:&quot;opacity-tilt&quot;}\">\n\t\t\t\t\t\t\t<div class=\"elementor-background-overlay\"><\/div>\n\t\t\t\t\t\t<div class=\"elementor-shape elementor-shape-bottom\" aria-hidden=\"true\" data-negative=\"false\">\n\t\t\t<svg xmlns=\"http:\/\/www.w3.org\/2000\/svg\" viewBox=\"0 0 2600 131.1\" preserveAspectRatio=\"none\">\n\t<path class=\"elementor-shape-fill\" d=\"M0 0L2600 0 2600 69.1 0 0z\"\/>\n\t<path class=\"elementor-shape-fill\" style=\"opacity:0.5\" d=\"M0 0L2600 0 2600 69.1 0 69.1z\"\/>\n\t<path class=\"elementor-shape-fill\" style=\"opacity:0.25\" d=\"M2600 0L0 0 0 130.1 2600 69.1z\"\/>\n<\/svg>\t\t<\/div>\n\t\t\t\t\t<div class=\"elementor-container elementor-column-gap-default\">\n\t\t\t\t\t<div class=\"elementor-column elementor-col-100 elementor-top-column elementor-element elementor-element-e03aec5 column-style-top\" data-id=\"e03aec5\" data-element_type=\"column\" data-e-type=\"column\">\n\t\t\t<div class=\"elementor-widget-wrap elementor-element-populated\">\n\t\t\t\t\t\t<div class=\"elementor-element elementor-element-076ec29 elementor-widget elementor-widget-heading\" data-id=\"076ec29\" data-element_type=\"widget\" data-e-type=\"widget\" data-widget_type=\"heading.default\">\n\t\t\t\t\t<h2 class=\"elementor-heading-title elementor-size-default\">Commandez d\u00e8s \u00e0 pr\u00e9sent votre exemplaire de La D\u00e9chirure<\/h2>\t\t\t\t<\/div>\n\t\t\t\t<div class=\"elementor-element elementor-element-752684c elementor-align-center elementor-widget elementor-widget-button\" data-id=\"752684c\" data-element_type=\"widget\" data-e-type=\"widget\" data-widget_type=\"button.default\">\n\t\t\t\t\t\t\t\t\t\t<a class=\"elementor-button elementor-button-link elementor-size-sm\" href=\"https:\/\/ladechirure.fr\/index.php\/shop\/\">\n\t\t\t\t\t\t<span class=\"elementor-button-content-wrapper\">\n\t\t\t\t\t\t\t\t\t<span class=\"elementor-button-text\">Boutique<\/span>\n\t\t\t\t\t<\/span>\n\t\t\t\t\t<\/a>\n\t\t\t\t\t\t\t\t<\/div>\n\t\t\t\t<div class=\"elementor-element elementor-element-ab621ee elementor-widget elementor-widget-image\" data-id=\"ab621ee\" data-element_type=\"widget\" data-e-type=\"widget\" data-widget_type=\"image.default\">\n\t\t\t\t\t\t\t\t\t\t\t\t\t\t\t\t<a href=\"https:\/\/ladechirure.fr\/index.php\/shop\/\">\n\t\t\t\t\t\t\t<img fetchpriority=\"high\" decoding=\"async\" width=\"677\" height=\"1024\" src=\"https:\/\/ladechirure.fr\/wp-content\/uploads\/2020\/12\/2026-05-01_00-18-677x1024.jpg\" class=\"attachment-large size-large wp-image-1115\" alt=\"\" srcset=\"https:\/\/ladechirure.fr\/wp-content\/uploads\/2020\/12\/2026-05-01_00-18-677x1024.jpg 677w, https:\/\/ladechirure.fr\/wp-content\/uploads\/2020\/12\/2026-05-01_00-18-600x907.jpg 600w, https:\/\/ladechirure.fr\/wp-content\/uploads\/2020\/12\/2026-05-01_00-18.jpg 756w\" sizes=\"(max-width: 677px) 100vw, 677px\" \/>\t\t\t\t\t\t\t\t<\/a>\n\t\t\t\t\t\t\t\t\t\t\t\t\t\t\t<\/div>\n\t\t\t\t\t<\/div>\n\t\t<\/div>\n\t\t\t\t\t<\/div>\n\t\t<\/section>\n\t\t\t\t<section class=\"elementor-section elementor-top-section elementor-element elementor-element-4b9a36c elementor-section-boxed elementor-section-height-default elementor-section-height-default row-top\" data-id=\"4b9a36c\" data-element_type=\"section\" data-e-type=\"section\">\n\t\t\t\t\t\t<div class=\"elementor-container elementor-column-gap-default\">\n\t\t\t\t\t<div class=\"elementor-column elementor-col-50 elementor-top-column elementor-element elementor-element-c9479d0 column-style-top\" data-id=\"c9479d0\" data-element_type=\"column\" data-e-type=\"column\">\n\t\t\t<div class=\"elementor-widget-wrap elementor-element-populated\">\n\t\t\t\t\t\t<div class=\"elementor-element elementor-element-02bb3cc elementor-widget elementor-widget-text-editor\" data-id=\"02bb3cc\" data-element_type=\"widget\" data-e-type=\"widget\" data-widget_type=\"text-editor.default\">\n\t\t\t\t\t\t\t\t\t<p>Bienvenue sur le site officiel de \u00ab\u00a0<em data-start=\"96\" data-end=\"110\">La D\u00e9chirure\u00a0\u00bb<\/em> de Mansouria. D\u00e9couvrez ici la boutique en ligne pour commander votre exemplaire et restez connect\u00e9(e) \u00e0 toute mon actualit\u00e9 litt\u00e9raire.\u00a0<\/p>\t\t\t\t\t\t\t\t<\/div>\n\t\t\t\t\t<\/div>\n\t\t<\/div>\n\t\t\t\t<div class=\"elementor-column elementor-col-50 elementor-top-column elementor-element elementor-element-f465c30 column-style-top\" data-id=\"f465c30\" data-element_type=\"column\" data-e-type=\"column\">\n\t\t\t<div class=\"elementor-widget-wrap elementor-element-populated\">\n\t\t\t\t\t\t<div class=\"elementor-element elementor-element-69a5597 elementor-widget elementor-widget-text-editor\" data-id=\"69a5597\" data-element_type=\"widget\" data-e-type=\"widget\" data-widget_type=\"text-editor.default\">\n\t\t\t\t\t\t\t\t\t<p><a class=\"btn-theme\" href=\"#dechirure\">En savoir plus<\/a><\/p>\t\t\t\t\t\t\t\t<\/div>\n\t\t\t\t\t<\/div>\n\t\t<\/div>\n\t\t\t\t\t<\/div>\n\t\t<\/section>\n\t\t\t\t<section class=\"elementor-section elementor-top-section elementor-element elementor-element-a51c53f elementor-section-boxed elementor-section-height-default elementor-section-height-default row-top\" data-id=\"a51c53f\" data-element_type=\"section\" data-e-type=\"section\" data-settings=\"{&quot;background_background&quot;:&quot;classic&quot;,&quot;shape_divider_top&quot;:&quot;opacity-tilt&quot;,&quot;shape_divider_bottom&quot;:&quot;opacity-tilt&quot;}\">\n\t\t\t\t\t\t\t<div class=\"elementor-background-overlay\"><\/div>\n\t\t\t\t\t\t<div class=\"elementor-shape elementor-shape-top\" aria-hidden=\"true\" data-negative=\"false\">\n\t\t\t<svg xmlns=\"http:\/\/www.w3.org\/2000\/svg\" viewBox=\"0 0 2600 131.1\" preserveAspectRatio=\"none\">\n\t<path class=\"elementor-shape-fill\" d=\"M0 0L2600 0 2600 69.1 0 0z\"\/>\n\t<path class=\"elementor-shape-fill\" style=\"opacity:0.5\" d=\"M0 0L2600 0 2600 69.1 0 69.1z\"\/>\n\t<path class=\"elementor-shape-fill\" style=\"opacity:0.25\" d=\"M2600 0L0 0 0 130.1 2600 69.1z\"\/>\n<\/svg>\t\t<\/div>\n\t\t\t\t<div class=\"elementor-shape elementor-shape-bottom\" aria-hidden=\"true\" data-negative=\"false\">\n\t\t\t<svg xmlns=\"http:\/\/www.w3.org\/2000\/svg\" viewBox=\"0 0 2600 131.1\" preserveAspectRatio=\"none\">\n\t<path class=\"elementor-shape-fill\" d=\"M0 0L2600 0 2600 69.1 0 0z\"\/>\n\t<path class=\"elementor-shape-fill\" style=\"opacity:0.5\" d=\"M0 0L2600 0 2600 69.1 0 69.1z\"\/>\n\t<path class=\"elementor-shape-fill\" style=\"opacity:0.25\" d=\"M2600 0L0 0 0 130.1 2600 69.1z\"\/>\n<\/svg>\t\t<\/div>\n\t\t\t\t\t<div class=\"elementor-container elementor-column-gap-default\">\n\t\t\t\t\t<div class=\"elementor-column elementor-col-100 elementor-top-column elementor-element elementor-element-00186de column-style-top\" data-id=\"00186de\" data-element_type=\"column\" data-e-type=\"column\">\n\t\t\t<div class=\"elementor-widget-wrap elementor-element-populated\">\n\t\t\t\t\t\t<div class=\"elementor-element elementor-element-88bc0d1 elementor-widget elementor-widget-text-editor\" data-id=\"88bc0d1\" data-element_type=\"widget\" data-e-type=\"widget\" data-widget_type=\"text-editor.default\">\n\t\t\t\t\t\t\t\t\t<p><em>Longtemps, je ne comprenais pas pourquoi on m\u2019avait donn\u00e9 ce pr\u00e9nom.<\/em><br \/><em>Parce que la vie, elle, ne m\u2019a pas toujours donn\u00e9 l\u2019impression de gagner.<\/em><br \/><em>Elle m\u2019a bouscul\u00e9e, bris\u00e9e parfois, mise \u00e0 terre souvent.<\/em><\/p><p><em>Mais aujourd\u2019hui, je comprends.<\/em><\/p><p><em>\u00catre Mansouria, ce n\u2019est pas ne jamais tomber.<\/em><br \/><em>C\u2019est tomber\u2026 et se relever encore.<\/em><br \/><em>C\u2019est porter ses blessures sans jamais laisser la vie gagner contre soi.<\/em><br \/><em>C\u2019est continuer d\u2019avancer, m\u00eame avec le c\u0153ur d\u00e9chir\u00e9.<\/em><\/p><p><em>Ce livre, c\u2019est mon histoire.<\/em><br \/><em>Celle d\u2019une chute, d\u2019une douleur\u2026<\/em><br \/><em>mais surtout celle d\u2019une victoire.<\/em><\/p><p><em>Parce qu\u2019au fond, malgr\u00e9 tout,<\/em><br \/><em>je suis rest\u00e9e fid\u00e8le \u00e0 mon pr\u00e9nom.<\/em><br \/><em>Je suis Mansouria.<\/em><br \/><em>Et je suis encore debout.<\/em><\/p><p><em>Mansouria est n\u00e9e \u00e0 Toulouse. Apr\u00e8s une enfance en famille d\u2019accueil, elle est emmen\u00e9e en Alg\u00e9rie avec ses s\u0153urs o\u00f9 elle restera enferm\u00e9e pendant plusieurs ann\u00e9es. Aujourd\u2019hui install\u00e9e \u00e0 Marseille, elle livre avec \u00ab\u00a0La D\u00e9chirure\u00a0\u00bb\u00a0\u00bb son premier r\u00e9cit autobiographique, un t\u00e9moignage de survie et de reconstruction.<\/em><\/p>\t\t\t\t\t\t\t\t<\/div>\n\t\t\t\t\t<\/div>\n\t\t<\/div>\n\t\t\t\t\t<\/div>\n\t\t<\/section>\n\t\t\t\t<section class=\"elementor-section elementor-top-section elementor-element elementor-element-6a485a1 elementor-section-boxed elementor-section-height-default elementor-section-height-default row-top\" data-id=\"6a485a1\" data-element_type=\"section\" data-e-type=\"section\">\n\t\t\t\t\t\t<div class=\"elementor-container elementor-column-gap-default\">\n\t\t\t\t\t<div class=\"elementor-column elementor-col-100 elementor-top-column elementor-element elementor-element-1923758 column-style-top\" data-id=\"1923758\" data-element_type=\"column\" data-e-type=\"column\">\n\t\t\t<div class=\"elementor-widget-wrap elementor-element-populated\">\n\t\t\t\t\t\t<div class=\"elementor-element elementor-element-fbab009 elementor-widget elementor-widget-menu-anchor\" data-id=\"fbab009\" data-element_type=\"widget\" data-e-type=\"widget\" data-widget_type=\"menu-anchor.default\">\n\t\t\t\t\t\t\t<div class=\"elementor-menu-anchor\" id=\"dechirure\"><\/div>\n\t\t\t\t\t\t<\/div>\n\t\t\t\t\t<\/div>\n\t\t<\/div>\n\t\t\t\t\t<\/div>\n\t\t<\/section>\n\t\t\t\t<section class=\"elementor-section elementor-top-section elementor-element elementor-element-8ae4106 elementor-section-boxed elementor-section-height-default elementor-section-height-default row-top\" data-id=\"8ae4106\" data-element_type=\"section\" data-e-type=\"section\">\n\t\t\t\t\t\t<div class=\"elementor-container elementor-column-gap-default\">\n\t\t\t\t\t<div class=\"elementor-column elementor-col-100 elementor-top-column elementor-element elementor-element-08afd5e column-style-top\" data-id=\"08afd5e\" data-element_type=\"column\" data-e-type=\"column\">\n\t\t\t<div class=\"elementor-widget-wrap elementor-element-populated\">\n\t\t\t\t\t\t<div class=\"elementor-element elementor-element-f87c43f elementor-widget elementor-widget-heading\" data-id=\"f87c43f\" data-element_type=\"widget\" data-e-type=\"widget\" data-widget_type=\"heading.default\">\n\t\t\t\t\t<h2 class=\"elementor-heading-title elementor-size-default\"><span class=\"text-theme\">\nQuand la r\u00e9alit\u00e9 d\u00e9passe la fiction\u2026\n<\/span><\/h2>\t\t\t\t<\/div>\n\t\t\t\t<div class=\"elementor-element elementor-element-ca05c53 elementor-widget elementor-widget-text-editor\" data-id=\"ca05c53\" data-element_type=\"widget\" data-e-type=\"widget\" data-widget_type=\"text-editor.default\">\n\t\t\t\t\t\t\t\t\t<p>N\u00e9e \u00e0 Toulouse au c\u0153ur d\u2019une famille d\u00e9j\u00e0 bris\u00e9e, Mansouria n\u2019\u00e9tait encore qu\u2019une enfant lorsque sa vie a bascul\u00e9. Derri\u00e8re les murs d\u2019un foyer o\u00f9 l\u2019amour n\u2019existait pas, la peur, le silence et la violence ont pris toute la place.<\/p><p>Jusqu\u2019au jour o\u00f9 tout \u00e9clate.<\/p><p>Arrach\u00e9e \u00e0 cet enfer, elle est plac\u00e9e dans une famille d\u2019accueil. Pour la premi\u00e8re fois, elle d\u00e9couvre ce que signifie \u00eatre prot\u00e9g\u00e9e, entour\u00e9e\u2026 aim\u00e9e. Une nouvelle vie commence, fragile mais essentielle.<\/p><p>Mais le pass\u00e9 ne dispara\u00eet jamais.<\/p><p>Tr\u00e8s vite, le syst\u00e8me s\u2019en m\u00eale. \u00c9ducateurs, juges, d\u00e9cisions impos\u00e9es\u2026 Mansouria devient un dossier, une enfant dont l\u2019avenir se d\u00e9cide sans elle. On lui demande de retourner vers ceux qui l\u2019ont abandonn\u00e9e. On lui impose des choix qu\u2019elle refuse.<\/p><p>Commence alors une lutte int\u00e9rieure.<\/p><p>Entre deux mondes.<br \/>Entre deux familles.<br \/>Entre peur et espoir.<\/p><p>De la France \u00e0 l\u2019Alg\u00e9rie, de l\u2019enfance \u00e0 l\u2019adolescence,\u00a0La D\u00e9chirure\u00a0retrace un parcours bouleversant, fait de silences, de combats invisibles et d\u2019une force incroyable pour survivre.<\/p><p>Mais ce r\u00e9cit n\u2019est pas seulement celui d\u2019une souffrance.<\/p><p>C\u2019est aussi celui d\u2019une r\u00e9sistance.<br \/>D\u2019un refus de dispara\u00eetre.<br \/>D\u2019une reconstruction.<\/p><p>Avec une sinc\u00e9rit\u00e9 brute et une \u00e9motion saisissante, Mansouria livre ici une histoire vraie \u2014 la sienne \u2014 pour briser le silence et tendre la main \u00e0 celles et ceux qui vivent encore dans l\u2019ombre.<\/p>\t\t\t\t\t\t\t\t<\/div>\n\t\t\t\t<div class=\"elementor-element elementor-element-889d7b7 elementor-icon-list--layout-traditional elementor-list-item-link-full_width elementor-widget elementor-widget-icon-list\" data-id=\"889d7b7\" data-element_type=\"widget\" data-e-type=\"widget\" data-widget_type=\"icon-list.default\">\n\t\t\t\t\t\t\t<ul class=\"elementor-icon-list-items\">\n\t\t\t\t\t\t\t<li class=\"elementor-icon-list-item\">\n\t\t\t\t\t\t\t\t\t\t\t<span class=\"elementor-icon-list-icon\">\n\t\t\t\t\t\t\t<i aria-hidden=\"true\" class=\"fas fa-arrow-circle-right\"><\/i>\t\t\t\t\t\t<\/span>\n\t\t\t\t\t\t\t\t\t\t<span class=\"elementor-icon-list-text\">Un t\u00e9moignage fort.<\/span>\n\t\t\t\t\t\t\t\t\t<\/li>\n\t\t\t\t\t\t\t\t<li class=\"elementor-icon-list-item\">\n\t\t\t\t\t\t\t\t\t\t\t<span class=\"elementor-icon-list-icon\">\n\t\t\t\t\t\t\t<i aria-hidden=\"true\" class=\"fas fa-arrow-circle-right\"><\/i>\t\t\t\t\t\t<\/span>\n\t\t\t\t\t\t\t\t\t\t<span class=\"elementor-icon-list-text\">Une v\u00e9rit\u00e9 d\u00e9rangeante.<\/span>\n\t\t\t\t\t\t\t\t\t<\/li>\n\t\t\t\t\t\t\t\t<li class=\"elementor-icon-list-item\">\n\t\t\t\t\t\t\t\t\t\t\t<span class=\"elementor-icon-list-icon\">\n\t\t\t\t\t\t\t<i aria-hidden=\"true\" class=\"fas fa-arrow-circle-right\"><\/i>\t\t\t\t\t\t<\/span>\n\t\t\t\t\t\t\t\t\t\t<span class=\"elementor-icon-list-text\">Une histoire qui ne laisse pas indemne.<\/span>\n\t\t\t\t\t\t\t\t\t<\/li>\n\t\t\t\t\t\t<\/ul>\n\t\t\t\t\t\t<\/div>\n\t\t\t\t<div class=\"elementor-element elementor-element-e2f5f51 elementor-view-stacked elementor-shape-circle elementor-widget elementor-widget-icon\" data-id=\"e2f5f51\" data-element_type=\"widget\" data-e-type=\"widget\" data-widget_type=\"icon.default\">\n\t\t\t\t\t\t\t<div class=\"elementor-icon-wrapper\">\n\t\t\t<div class=\"elementor-icon\">\n\t\t\t<i aria-hidden=\"true\" class=\"far fa-heart\"><\/i>\t\t\t<\/div>\n\t\t<\/div>\n\t\t\t\t\t\t<\/div>\n\t\t\t\t<div class=\"elementor-element elementor-element-e3c0935 elementor-widget elementor-widget-image\" data-id=\"e3c0935\" data-element_type=\"widget\" data-e-type=\"widget\" data-widget_type=\"image.default\">\n\t\t\t\t\t\t\t\t\t\t\t\t\t\t\t<img loading=\"lazy\" decoding=\"async\" width=\"1163\" height=\"796\" src=\"https:\/\/ladechirure.fr\/wp-content\/uploads\/2026\/05\/nb.jpg\" class=\"attachment-full size-full wp-image-1119\" alt=\"\" srcset=\"https:\/\/ladechirure.fr\/wp-content\/uploads\/2026\/05\/nb.jpg 1163w, https:\/\/ladechirure.fr\/wp-content\/uploads\/2026\/05\/nb-1024x701.jpg 1024w, https:\/\/ladechirure.fr\/wp-content\/uploads\/2026\/05\/nb-768x526.jpg 768w, https:\/\/ladechirure.fr\/wp-content\/uploads\/2026\/05\/nb-600x411.jpg 600w\" sizes=\"(max-width: 1163px) 100vw, 1163px\" \/>\t\t\t\t\t\t\t\t\t\t\t\t\t\t\t<\/div>\n\t\t\t\t<div class=\"elementor-element elementor-element-931c921 elementor-widget elementor-widget-heading\" data-id=\"931c921\" data-element_type=\"widget\" data-e-type=\"widget\" data-widget_type=\"heading.default\">\n\t\t\t\t\t<h2 class=\"elementor-heading-title elementor-size-default\">Commandez d\u00e8s \u00e0 pr\u00e9sent votre exemplaire de La D\u00e9chirure<\/h2>\t\t\t\t<\/div>\n\t\t\t\t<div class=\"elementor-element elementor-element-49b04cf elementor-align-center elementor-widget elementor-widget-button\" data-id=\"49b04cf\" data-element_type=\"widget\" data-e-type=\"widget\" data-widget_type=\"button.default\">\n\t\t\t\t\t\t\t\t\t\t<a class=\"elementor-button elementor-button-link elementor-size-sm\" href=\"https:\/\/ladechirure.fr\/index.php\/shop\/\">\n\t\t\t\t\t\t<span class=\"elementor-button-content-wrapper\">\n\t\t\t\t\t\t\t\t\t<span class=\"elementor-button-text\">Boutique<\/span>\n\t\t\t\t\t<\/span>\n\t\t\t\t\t<\/a>\n\t\t\t\t\t\t\t\t<\/div>\n\t\t\t\t\t<\/div>\n\t\t<\/div>\n\t\t\t\t\t<\/div>\n\t\t<\/section>\n\t\t\t\t<\/div>\n\t\t","protected":false},"excerpt":{"rendered":"<p>Commandez d\u00e8s \u00e0 pr\u00e9sent votre exemplaire de La D\u00e9chirure Boutique Bienvenue sur le site officiel de \u00ab\u00a0La D\u00e9chirure\u00a0\u00bb de Mansouria. D\u00e9couvrez ici la boutique en ligne pour commander votre exemplaire [&hellip;]<\/p>\n","protected":false},"author":1,"featured_media":0,"parent":0,"menu_order":0,"comment_status":"closed","ping_status":"closed","template":"","meta":{"footnotes":""},"class_list":["post-672","page","type-page","status-publish","hentry"],"_links":{"self":[{"href":"https:\/\/ladechirure.fr\/index.php\/wp-json\/wp\/v2\/pages\/672","targetHints":{"allow":["GET"]}}],"collection":[{"href":"https:\/\/ladechirure.fr\/index.php\/wp-json\/wp\/v2\/pages"}],"about":[{"href":"https:\/\/ladechirure.fr\/index.php\/wp-json\/wp\/v2\/types\/page"}],"author":[{"embeddable":true,"href":"https:\/\/ladechirure.fr\/index.php\/wp-json\/wp\/v2\/users\/1"}],"replies":[{"embeddable":true,"href":"https:\/\/ladechirure.fr\/index.php\/wp-json\/wp\/v2\/comments?post=672"}],"version-history":[{"count":178,"href":"https:\/\/ladechirure.fr\/index.php\/wp-json\/wp\/v2\/pages\/672\/revisions"}],"predecessor-version":[{"id":1139,"href":"https:\/\/ladechirure.fr\/index.php\/wp-json\/wp\/v2\/pages\/672\/revisions\/1139"}],"wp:attachment":[{"href":"https:\/\/ladechirure.fr\/index.php\/wp-json\/wp\/v2\/media?parent=672"}],"curies":[{"name":"wp","href":"https:\/\/api.w.org\/{rel}","templated":true}]}}